{"id":33,"date":"2013-04-11T21:15:27","date_gmt":"2013-04-11T21:15:27","guid":{"rendered":"http:\/\/www.fischinger.net\/wopr\/?page_id=33"},"modified":"2024-01-19T00:48:09","modified_gmt":"2024-01-18T23:48:09","slug":"veranstaltungen","status":"publish","type":"page","link":"https:\/\/www.fischinger.net\/wopr\/?page_id=33","title":{"rendered":"Veranstaltungen"},"content":{"rendered":"<p><strong>* Samstag 20.01. 2024 15:00 Uhr &#8211; Deutsches Filminstitut Filmmuseum Frankfurt DFF &#8211; Tanz der Farben und das Ende der Avantgarde *<br \/>\n<\/strong><\/p>\n<p>Text zur DFF Filmreihe: Filmerbe &#8211; digital:<br \/>\n&#8222;<em>Die deutsche Avantgarde im Film ist jenseits der Grenzen des Landes bekannt. Die technischen Entwicklungen am Ende der 1920er Jahre verliefen rasant und die Filmsprache eilte nach. Von diesen Experimenten profitierte im n\u00e4chsten Jahrzehnt Hans Fischinger, Bruder des ber\u00fchmten Oskar Fischinger, der 1939 mit seinem ersten \u2013 und leider letzten \u2013 Kurzfilm TANZ DER FARBEN einen gro\u00dfen Erfolg feiern konnte. Doch schnell setzte der Nationalsozialismus der \u00e4sthetischen Experimentierfreude ein Ende und sorgte f\u00fcr einen radikalen Richtungswechsel. Diese Wende ist f\u00fcr die Filmschaffenden schnell sp\u00fcrbar. Die Nachkriegszeit l\u00e4sst wenig Raum f\u00fcr Experimente: Gewagte Kurzformen entstehen entweder im Prekariat der Eigenproduktion oder in der sich st\u00e4ndig wandelnden Welt der Werbung. Neben der Premiere der digitalen Restaurierung von TANZ DER FARBEN, bietet das Programm einen \u00dcberblick \u00fcber diese bewegte Zeit mit Digitalisierungen aus der Sammlung des DFF.<\/em>&#8220; \u00a9 DFF<\/p>\n<p><a href=\"https:\/\/www.dff.film\/kino\/kinoprogramm\/aktuelles-kinoprogramm\/?fbclid=IwAR2cLlZ0RI5eRlwmtfDxRGA0KTLPrqCQhhJI2Btx5SvX-z4vF-wgKbIrce8\" target=\"_blank\" rel=\"noopener\">https:\/\/www.dff.film\/kino\/kinoprogramm\/aktuelles-kinoprogramm\/?fbclid=IwAR2cLlZ0RI5eRlwmtfDxRGA0KTLPrqCQhhJI2Btx5SvX-z4vF-wgKbIrce8<\/a><\/p>\n<p><strong>* 08.11. 2016 20:00 Uhr &#8211; Vortrag von Walter Scharwies beim Geschichtsverein Alzenau &#8211; Trickfilmpionier Hans Fischinger *<\/strong><\/p>\n<p>Vortragsort: Hotel-Gasthof &#8222;Zum Freigericht&#8220; Wasserloser Str. 29 Alzenau. Walter Scharwies, Alzenauer B\u00fcrgermeister im Ruhestand und seit Kurzem Mitglied im Fischinger-Stammtisch, hat einen Vortrag zum Gelnh\u00e4user Fotografen und Trickfilmregisseur Hans Fischinger erarbeitet. Im vergangenen Jahr publizierte Scharwies ein regionales Weinbaubuch, in dem Hans Fischinger mit einem beeindruckenden Weinlesefoto p\u00e4rsent ist. F\u00fcr den k\u00fcrzlich erfolgten Atelierbesuch in Alzenau hatte er ergiebige Recherchen beim Filmmuseum Frankfurt vorgenommen. Zum Inhalt des aktuellen Vortrags sagt der Dozent nur so viel: &#8222;Ich m\u00f6chte die Beziehungen der Gelnh\u00e4user Familie Fischinger zu Alzenau darstellen.&#8220;<\/p>\n<p><a href=\"https:\/\/www.fischinger.net\/wopr\/wp-content\/uploads\/2013\/04\/20161108_213235-Walter-Scharwies-Stefan-Fischinger.jpg\"><img loading=\"lazy\" decoding=\"async\" class=\"alignnone wp-image-83\" src=\"https:\/\/www.fischinger.net\/wopr\/wp-content\/uploads\/2013\/04\/20161108_213235-Walter-Scharwies-Stefan-Fischinger-300x169.jpg\" alt=\"20161108_213235-walter-scharwies-stefan-fischinger\" width=\"459\" height=\"259\" srcset=\"https:\/\/www.fischinger.net\/wopr\/wp-content\/uploads\/2013\/04\/20161108_213235-Walter-Scharwies-Stefan-Fischinger-300x169.jpg 300w, https:\/\/www.fischinger.net\/wopr\/wp-content\/uploads\/2013\/04\/20161108_213235-Walter-Scharwies-Stefan-Fischinger-768x432.jpg 768w, https:\/\/www.fischinger.net\/wopr\/wp-content\/uploads\/2013\/04\/20161108_213235-Walter-Scharwies-Stefan-Fischinger-1024x576.jpg 1024w\" sizes=\"auto, (max-width: 459px) 100vw, 459px\" \/><\/a><\/p>\n<p>Foto: Stefan Fischinger und Walter Scharwies<\/p>\n<p><a href=\"http:\/\/www.main-echo.de\/regional\/stadt-kreis-aschaffenburg\/art3979,4299127\" target=\"_blank\" rel=\"noopener\">http:\/\/www.main-echo.de\/regional\/stadt-kreis-aschaffenburg\/art3979,4299127<\/a><\/p>\n<p><strong>* 20.08. 2016 Besuch bei Familie H\u00f6fler in der Entengasse in Alzenau.\u00a0 Hier befand sich ab Sommer 1939 das Atelier von Hans Fischinger *<\/strong><\/p>\n<p>Besuch bei Familie H\u00f6fler in der Entengasse und F\u00fchrung von Ehrenb\u00fcrger Walter Scharwies. Hier der Link zum Zeitungsartikel aus dem Main-Echo vom 1.09.2016: <a href=\"http:\/\/www.main-echo.de\/regional\/stadt-kreis-aschaffenburg\/art3981,4222118\" target=\"_blank\" rel=\"noopener\">http:\/\/www.main-echo.de\/regional\/stadt-kreis-aschaffenburg\/art3981,4222118<\/a><\/p>\n<p><strong>* 27.10. 2015 Angie Fischinger aus Kalifornien besucht das Geburtshaus ihres Vaters Oskar Fischinger *<\/strong><\/p>\n<p>Hier ein der Link zum Artikel &#8222;In der Stadt ihrer Wurzeln&#8220; auf dem Gelnhaeuser-Tageblatt: <a href=\"http:\/\/www.gelnhaeuser-tageblatt.de\/lokales\/main-kinzig-kreis\/gelnhausen\/in-der-stadt-ihrer-wurzeln_16323428.htm\" target=\"_blank\" rel=\"noopener\">http:\/\/www.gelnhaeuser-tageblatt.de\/lokales\/main-kinzig-kreis\/gelnhausen\/in-der-stadt-ihrer-wurzeln_16323428.htm<\/a><\/p>\n<p><strong>* 30.03. 2014 Br\u00fcder-Fischinger-Stra\u00dfe in Gelnhausen *<\/strong><\/p>\n<p>Die ehemalige Frankfurter Stra\u00dfe, zwischen den Kinos, wird in &#8222;Br\u00fcder-Fischinger-Stra\u00dfe&#8220; umbenannt.<\/p>\n<p><a href=\"https:\/\/www.fischinger.net\/wopr\/wp-content\/uploads\/2013\/04\/Br\u00fcder-Fischinger-Stra\u00dfe.jpg\"><img loading=\"lazy\" decoding=\"async\" class=\"alignnone wp-image-76\" src=\"https:\/\/www.fischinger.net\/wopr\/wp-content\/uploads\/2013\/04\/Br\u00fcder-Fischinger-Stra\u00dfe-300x200.jpg\" alt=\"brueder-fischinger-strasse\" width=\"373\" height=\"248\" srcset=\"https:\/\/www.fischinger.net\/wopr\/wp-content\/uploads\/2013\/04\/Br\u00fcder-Fischinger-Stra\u00dfe-300x200.jpg 300w, https:\/\/www.fischinger.net\/wopr\/wp-content\/uploads\/2013\/04\/Br\u00fcder-Fischinger-Stra\u00dfe-768x512.jpg 768w, https:\/\/www.fischinger.net\/wopr\/wp-content\/uploads\/2013\/04\/Br\u00fcder-Fischinger-Stra\u00dfe.jpg 960w\" sizes=\"auto, (max-width: 373px) 100vw, 373px\" \/><\/a><\/p>\n<p><strong>* 15.09. 2013 Gedenktafel Hans Fischinger h\u00e4ngt nun am Geburtshaus Obermarkt 6 *<\/strong><\/p>\n<p>Hier der ensprechende Link vom Geschichtsverein-Gelnhausen: <a href=\"http:\/\/geschichtsverein-gelnhausen.de\/index.php\/aktuelles\/60-gedenktafel-hans-fischinger-haengt-nun-am-geburtshaus-obermarkt-6\" target=\"_blank\" rel=\"noopener\">http:\/\/geschichtsverein-gelnhausen.de\/index.php\/aktuelles\/60-gedenktafel-hans-fischinger-haengt-nun-am-geburtshaus-obermarkt-6<\/a><\/p>\n<p><strong>* 22.06. 2013 16:00 Uhr &#8211; Gr\u00fcndung des Fischinger Stammtisch\u00b4s in Gelnhausen im Cafe Schmickes *<\/strong><\/p>\n<p>zum 113. Geburtstag von Oskar Fischinger wurde der <strong>Fischinger Stammtisch<\/strong> Gelnhausen zur Erinnerung an Oskar und Hans Fischinger gegr\u00fcndet. Ansprachen durch Herrn Stefan und Frau Pia Horst (\u00a0<a title=\"Geschichtsverein-Gelnhausen\" href=\"http:\/\/www.geschichtsverein-gelnhausen.de\" target=\"_blank\" rel=\"noopener\">www.geschichtsverein-gelnhausen.de<\/a> ) und B\u00fcrgermeister Thorsten Stolz. <strong>Themen<\/strong>: 1. Br\u00fcder-Fischinger-Stra\u00dfe geplant f\u00fcr Oktober 2013, 2. Terminplanung f\u00fcr den Stammtisch, 3. Verankerung der Br\u00fcder Fischinger im Stadt-Museum * <strong>Teilnehmer<\/strong>: Franz Aum\u00fcller, Br\u00fcder Ralf und Stefan Fischinger, Pia und Stefan Horst, B\u00fcrgermeister <a title=\"B\u00fcrgermeister Thorsten Stolz\" href=\"http:\/\/www.thorsten-stolz.de\/\" target=\"_blank\" rel=\"noopener\">Thorsten Stolz<\/a>, Alex Schopbach, Thorsten Schrecke, Martin Keller ( <a title=\"Gelnh\u00e4user Neue Zeitung\" href=\"http:\/\/www.gnz.de\" target=\"_blank\" rel=\"noopener\">www.gnz.de<\/a>) und Jakob M\u00e4hler ( <a title=\"Gelnh\u00e4user-Tagesblatt\" href=\"http:\/\/www.Gelnhaeuser-Tageblatt.de\" target=\"_blank\" rel=\"noopener\">www.Gelnhaeuser-Tageblatt.de<\/a> ); <strong>Besonderen Dank an:<\/strong> Frau Maiwald und Joachim Fischinger, der mit seinem Erz\u00e4hlstammtisch zur Idee des Stammtisches beigetragen hat; Dank auch an Helga und Stefan Schneevogl, als Gastgeber f\u00fcr die Kino-Martinee am 28.10.12 ( <a title=\"Kino Gelnhausen\" href=\"http:\/\/www.kino-gelnhausen.de\/\" target=\"_blank\" rel=\"noopener\">Kino Pali<\/a> ) * ein ganz besonderer Dank an Frau <a title=\"Cafe Schmickes\" href=\"http:\/\/www.wohntraeume-schmidt.de\/kontakt\" target=\"_blank\" rel=\"noopener\">Petra Schmidt<\/a> f\u00fcr die ausgezeichnete Gastfreundlichkeit, die schon am 27.10.12 bei der &#8222;Gedenk-Schilderanbringung&#8220; f\u00fcr die kulinarischen Gen\u00fcssen gesorgt hatte.<\/p>\n<p><strong>* 21.04. &#8211; 29.09.2013 &#8211; Sonderausstellung TRAUMSCHMELZE in Dresden *<\/strong><\/p>\n<p>Endlich gibt es eine Sonderausstellung, die sich mit dem deutschen Zeichenanimationsfilm von 1930 bis 1950 besch\u00e4ftigt. Hier wird auch das Schaffen von Hans Fischinger beleuchtet und sein Lebenswerk <strong>&#8222;Tanz der Farben&#8220;<\/strong> vorgestellt.<\/p>\n<p><strong>Sonderausstellung TRAUMSCHMELZE (Deutsche Institut f\u00fcr Animationsfilm &#8211; DIAF)<\/strong><br \/>\n(Ausstellungsort: Technische Sammlugen Dresden &#8211; Junghansstra\u00dfe 1 &#8211; 3 , 01277 Dresden \u00d6ffnungszeiten: Di-Fr: 9:00 &#8211; 17:00 Uhr sowie Sa, So, Feiertag: 10:00 Uhr bis 18:00 Uhr).<br \/>\nAusstellungser\u00f6ffnung am 19. April, 15 Uhr<br \/>\nAusstellungzeit: 21. April bis 29. September 2013<\/p>\n<p>Detail-Infos zur Sonderausstellung Traumschmelze:<\/p>\n<p><a href=\"http:\/\/diaf.tyclipso.de\/de\/home\/rubriken\/Blog_Detailseite\/dT\/10\/b\/Vorschau-Traumschmelze-Der-deutsche-Zeichenanima-478\" rel=\"nofollow\">http:\/\/diaf.tyclipso.de\/de\/home\/rubriken\/Blog_Detailseite\/dT\/10\/b\/Vorschau-Traumschmelze-Der-deutsche-Zeichenanima-478<\/a><\/p>\n<p>oder<\/p>\n<p>Museen der Stadt Dresden<\/p>\n<p><a href=\"http:\/\/www.museen-dresden.de\/index.php?lang=de&amp;node=termine&amp;resartium=events&amp;tempus=month&amp;locus=all&amp;event=1312\">http:\/\/www.museen-dresden.de\/index.php?lang=de&amp;node=termine&amp;resartium=events&amp;tempus=month&amp;locus=all&amp;event=1312<\/a><\/p>\n<p>Begleitend zur Ausstellung werden auch zwei Filmprogramme im Rahmen des 25. Filmfest Dresden pr\u00e4sentiert. Ein besonderes <strong>Highlight ist nat\u00fcrlich &#8222;Tanz der Farben&#8220; zu sehen in der Filmreihe:<br \/>\n<\/strong><\/p>\n<p><strong>Traumschmelze 1: Donnerstag, 18.04.13 18:00 Uhr<\/strong><br \/>\n<strong>Traumschmelze 1: Freitag, 19.04.13 20:30 Uhr<\/strong><br \/>\n<strong>Traumschmelze 2: Freitag, 19:04.13 22:30 Uhr<\/strong><br \/>\n<strong>Taumschmellze 2: Sonntag, 21.04.13 18:00 Uhr<\/strong><br \/>\nKino: <a href=\"http:\/\/www.thalia-dresden.de\/\" rel=\"nofollow\">http:\/\/www.thalia-dresden.de\/<\/a> * <strong>G\u00f6rlitzer Strasse 6, 01099 Dresden *<\/strong><\/p>\n<p><strong>P.S. das Hans Fischinger Archiv ist vom 18.04. bis 21.04.13 direkt vor Ort und wird vertreten durch Stefan Fischinger (erreichbar Handy 0172 6383704) &#8211; gerne steht er f\u00fcr Interviews und Gespr\u00e4che bereit.<\/strong><\/p>\n<p>______________________________________________________________<\/p>\n<p>Mehr zum 25. Filmfest Dresden:<\/p>\n<p><a href=\"http:\/\/www.filmfest-dresden.de\/\">http:\/\/www.filmfest-dresden.de\/<\/a><\/p>\n<p><a href=\"https:\/\/www.facebook.com\/dresden.filmfest\" rel=\"nofollow\">https:\/\/www.facebook.com\/dresden.filmfest<\/a><\/p>\n<p>Hier findet man das Programm zum Filmfest Dresden, als PDF Version zum ausdrucken:<br \/>\n<a href=\"http:\/\/www.google.de\/url?sa=t&amp;rct=j&amp;q=thalia+kino+dresden+kinoprogramm+traumschmelze&amp;source=web&amp;cd=5&amp;ved=0CEwQFjAE&amp;url=http%3A%2F%2Fwww.filmfest-dresden.de%2Ffiles%2Ftimetable_2013.pdf&amp;ei=Q-5mUbm_CciH4ATyyYCwCg&amp;usg=AFQjCNFYjw6bRhlKkS0jj9OZAa_cpz5HXA&amp;cad=rja\" rel=\"nofollow\">http:\/\/www.google.de\/url?sa=t&amp;rct=j&amp;q=thalia+kino+dresden+kinoprogramm+traumschmelze&amp;source=web&amp;cd=5&amp;ved=0CEwQFjAE&amp;url=http%3A%2F%2Fwww.filmfest-dresden.de%2Ffiles%2Ftimetable_2013.pdf&amp;ei=Q-5mUbm_CciH4ATyyYCwCg&amp;usg=AFQjCNFYjw6bRhlKkS0jj9OZAa_cpz5HXA&amp;cad=rja<\/a><\/p>\n<p>&nbsp;<\/p>\n","protected":false},"excerpt":{"rendered":"<p>* Samstag 20.01. 2024 15:00 Uhr &#8211; Deutsches Filminstitut Filmmuseum Frankfurt DFF &#8211; Tanz der Farben und das Ende der Avantgarde * Text zur DFF Filmreihe: Filmerbe &#8211; digital: &#8222;Die deutsche Avantgarde im Film ist jenseits der Grenzen des Landes &hellip; <a href=\"https:\/\/www.fischinger.net\/wopr\/?page_id=33\">Weiterlesen <span class=\"meta-nav\">&rarr;<\/span><\/a><\/p>\n","protected":false},"author":1,"featured_media":63,"parent":0,"menu_order":0,"comment_status":"open","ping_status":"open","template":"","meta":{"footnotes":""},"class_list":["post-33","page","type-page","status-publish","has-post-thumbnail","hentry"],"_links":{"self":[{"href":"https:\/\/www.fischinger.net\/wopr\/index.php?rest_route=\/wp\/v2\/pages\/33","targetHints":{"allow":["GET"]}}],"collection":[{"href":"https:\/\/www.fischinger.net\/wopr\/index.php?rest_route=\/wp\/v2\/pages"}],"about":[{"href":"https:\/\/www.fischinger.net\/wopr\/index.php?rest_route=\/wp\/v2\/types\/page"}],"author":[{"embeddable":true,"href":"https:\/\/www.fischinger.net\/wopr\/index.php?rest_route=\/wp\/v2\/users\/1"}],"replies":[{"embeddable":true,"href":"https:\/\/www.fischinger.net\/wopr\/index.php?rest_route=%2Fwp%2Fv2%2Fcomments&post=33"}],"version-history":[{"count":24,"href":"https:\/\/www.fischinger.net\/wopr\/index.php?rest_route=\/wp\/v2\/pages\/33\/revisions"}],"predecessor-version":[{"id":96,"href":"https:\/\/www.fischinger.net\/wopr\/index.php?rest_route=\/wp\/v2\/pages\/33\/revisions\/96"}],"wp:featuredmedia":[{"embeddable":true,"href":"https:\/\/www.fischinger.net\/wopr\/index.php?rest_route=\/wp\/v2\/media\/63"}],"wp:attachment":[{"href":"https:\/\/www.fischinger.net\/wopr\/index.php?rest_route=%2Fwp%2Fv2%2Fmedia&parent=33"}],"curies":[{"name":"wp","href":"https:\/\/api.w.org\/{rel}","templated":true}]}}